{"id":2216,"date":"2025-02-25T09:54:25","date_gmt":"2025-02-25T09:54:25","guid":{"rendered":"https:\/\/visus3d.dev01.servidordepruebas.eu\/?page_id=2216"},"modified":"2025-02-25T09:55:35","modified_gmt":"2025-02-25T09:55:35","slug":"aviso-legal","status":"publish","type":"page","link":"https:\/\/visus3d.dev01.servidordepruebas.eu\/?page_id=2216","title":{"rendered":"AVISO LEGAL"},"content":{"rendered":"\t\t<div data-elementor-type=\"wp-page\" data-elementor-id=\"2216\" class=\"elementor elementor-2216\" data-elementor-post-type=\"page\">\n\t\t\t\t\t\t<section class=\"elementor-section elementor-top-section elementor-element elementor-element-851e9e3 elementor-section-boxed elementor-section-height-default elementor-section-height-default\" data-id=\"851e9e3\" data-element_type=\"section\">\n\t\t\t\t\t\t<div class=\"elementor-container elementor-column-gap-default\">\n\t\t\t\t\t<div class=\"elementor-column elementor-col-100 elementor-top-column elementor-element elementor-element-0000aff\" data-id=\"0000aff\" data-element_type=\"column\">\n\t\t\t<div class=\"elementor-widget-wrap elementor-element-populated\">\n\t\t\t\t\t\t<div class=\"elementor-element elementor-element-99d63cb elementor-widget elementor-widget-text-editor\" data-id=\"99d63cb\" data-element_type=\"widget\" data-widget_type=\"text-editor.default\">\n\t\t\t\t<div class=\"elementor-widget-container\">\n\t\t\t\t\t\t\t\t\t<h1 data-start=\"122\" data-end=\"141\"><strong data-start=\"124\" data-end=\"139\">AVISO LEGAL<\/strong><\/h1><p data-start=\"142\" data-end=\"173\">\u00daltima actualizaci\u00f3n: [Fecha]<\/p><h2 data-start=\"175\" data-end=\"206\"><strong data-start=\"178\" data-end=\"204\">1. Informaci\u00f3n general<\/strong><\/h2><p data-start=\"207\" data-end=\"411\">En cumplimiento con lo establecido en la Ley 34\/2002, de Servicios de la Sociedad de la Informaci\u00f3n y Comercio Electr\u00f3nico (LSSICE), se informa a los usuarios de los datos del titular de este sitio web:<\/p><ul data-start=\"413\" data-end=\"674\"><li data-start=\"413\" data-end=\"441\"><strong data-start=\"415\" data-end=\"426\">Titular<\/strong>: Feme Design<\/li><li data-start=\"442\" data-end=\"512\"><strong data-start=\"444\" data-end=\"457\">Actividad<\/strong>: Visualizaci\u00f3n arquitect\u00f3nica y dise\u00f1o de interiores<\/li><li data-start=\"513\" data-end=\"565\"><strong data-start=\"515\" data-end=\"537\">Correo electr\u00f3nico<\/strong>: [<a rel=\"noopener\">tuemail@femedesign.com<\/a>]<\/li><li data-start=\"566\" data-end=\"631\"><strong data-start=\"568\" data-end=\"581\">Domicilio<\/strong>: [Tu direcci\u00f3n o ciudad, si la quieres incluir]<\/li><li data-start=\"632\" data-end=\"674\"><strong data-start=\"634\" data-end=\"645\">NIF\/CIF<\/strong>: [Si lo tienes disponible]<\/li><\/ul><h2 data-start=\"676\" data-end=\"706\"><strong data-start=\"679\" data-end=\"704\">2. Condiciones de uso<\/strong><\/h2><p data-start=\"707\" data-end=\"836\">El acceso y uso de este sitio web implican la aceptaci\u00f3n de los t\u00e9rminos y condiciones establecidos en el presente aviso legal.<\/p><p data-start=\"838\" data-end=\"1134\">El usuario se compromete a utilizar el sitio web de forma l\u00edcita y conforme a la normativa vigente. Queda prohibido cualquier uso indebido, incluidos, entre otros, la reproducci\u00f3n no autorizada de contenidos, la difusi\u00f3n de malware o cualquier acci\u00f3n que perjudique el funcionamiento de la web.<\/p><h2 data-start=\"1136\" data-end=\"1182\"><strong data-start=\"1139\" data-end=\"1180\">3. Propiedad intelectual e industrial<\/strong><\/h2><p data-start=\"1183\" data-end=\"1454\">Todos los contenidos de este sitio web, incluyendo textos, im\u00e1genes, gr\u00e1ficos, logotipos, dise\u00f1o, estructura y c\u00f3digo fuente, est\u00e1n protegidos por derechos de propiedad intelectual e industrial y pertenecen a Feme Design o a sus respectivos autores con licencia de uso.<\/p><p data-start=\"1456\" data-end=\"1582\">Queda prohibida la reproducci\u00f3n, distribuci\u00f3n o modificaci\u00f3n de los contenidos sin el consentimiento expreso de Feme Design.<\/p><h2 data-start=\"1584\" data-end=\"1611\"><strong data-start=\"1587\" data-end=\"1609\">4. Responsabilidad<\/strong><\/h2><ul data-start=\"1612\" data-end=\"1892\"><li data-start=\"1612\" data-end=\"1746\">Feme Design no se hace responsable de posibles da\u00f1os o perjuicios derivados del uso de la web ni de la disponibilidad de la misma.<\/li><li data-start=\"1747\" data-end=\"1892\">Se pueden incluir enlaces a terceros, pero Feme Design no se hace responsable del contenido ni de la pol\u00edtica de privacidad de dichos sitios.<\/li><\/ul><h2 data-start=\"1894\" data-end=\"1925\"><strong data-start=\"1897\" data-end=\"1923\">5. Protecci\u00f3n de datos<\/strong><\/h2><p data-start=\"1926\" data-end=\"2062\">Feme Design cumple con la normativa de protecci\u00f3n de datos vigente. Para m\u00e1s informaci\u00f3n, consulta nuestra <strong data-start=\"2033\" data-end=\"2059\">Pol\u00edtica de Privacidad<\/strong>.<\/p><h2 data-start=\"2064\" data-end=\"2112\"><strong data-start=\"2067\" data-end=\"2110\">6. Legislaci\u00f3n aplicable y jurisdicci\u00f3n<\/strong><\/h2><p data-start=\"2113\" data-end=\"2296\">El presente aviso legal se rige por la legislaci\u00f3n espa\u00f1ola. Para la resoluci\u00f3n de cualquier conflicto, las partes se someten a los juzgados y tribunales de [Tu ciudad o provincia].<\/p><p data-start=\"2298\" data-end=\"2375\">Para cualquier consulta, puedes contactarnos en \ud83d\udce9 [<a rel=\"noopener\">tuemail@femedesign.com<\/a>]<\/p>\t\t\t\t\t\t\t\t<\/div>\n\t\t\t\t<\/div>\n\t\t\t\t\t<\/div>\n\t\t<\/div>\n\t\t\t\t\t<\/div>\n\t\t<\/section>\n\t\t\t\t<\/div>\n\t\t","protected":false},"excerpt":{"rendered":"<p>AVISO LEGAL \u00daltima actualizaci\u00f3n: [Fecha] 1. Informaci\u00f3n general En cumplimiento con lo establecido en la Ley 34\/2002, de Servicios de la Sociedad de la Informaci\u00f3n y Comercio Electr\u00f3nico (LSSICE), se informa a los usuarios de los datos del titular de este sitio web: Titular: Feme Design Actividad: Visualizaci\u00f3n arquitect\u00f3nica y dise\u00f1o de interiores Correo electr\u00f3nico: [&hellip;]<\/p>\n","protected":false},"author":1,"featured_media":0,"parent":0,"menu_order":0,"comment_status":"closed","ping_status":"closed","template":"","meta":{"footnotes":""},"class_list":["post-2216","page","type-page","status-publish","hentry"],"_links":{"self":[{"href":"https:\/\/visus3d.dev01.servidordepruebas.eu\/index.php?rest_route=\/wp\/v2\/pages\/2216","targetHints":{"allow":["GET"]}}],"collection":[{"href":"https:\/\/visus3d.dev01.servidordepruebas.eu\/index.php?rest_route=\/wp\/v2\/pages"}],"about":[{"href":"https:\/\/visus3d.dev01.servidordepruebas.eu\/index.php?rest_route=\/wp\/v2\/types\/page"}],"author":[{"embeddable":true,"href":"https:\/\/visus3d.dev01.servidordepruebas.eu\/index.php?rest_route=\/wp\/v2\/users\/1"}],"replies":[{"embeddable":true,"href":"https:\/\/visus3d.dev01.servidordepruebas.eu\/index.php?rest_route=%2Fwp%2Fv2%2Fcomments&post=2216"}],"version-history":[{"count":4,"href":"https:\/\/visus3d.dev01.servidordepruebas.eu\/index.php?rest_route=\/wp\/v2\/pages\/2216\/revisions"}],"predecessor-version":[{"id":2220,"href":"https:\/\/visus3d.dev01.servidordepruebas.eu\/index.php?rest_route=\/wp\/v2\/pages\/2216\/revisions\/2220"}],"wp:attachment":[{"href":"https:\/\/visus3d.dev01.servidordepruebas.eu\/index.php?rest_route=%2Fwp%2Fv2%2Fmedia&parent=2216"}],"curies":[{"name":"wp","href":"https:\/\/api.w.org\/{rel}","templated":true}]}}