{"id":2208,"date":"2025-02-25T09:32:02","date_gmt":"2025-02-25T09:32:02","guid":{"rendered":"https:\/\/visus3d.dev01.servidordepruebas.eu\/?page_id=2208"},"modified":"2025-02-25T09:53:36","modified_gmt":"2025-02-25T09:53:36","slug":"politica-de-cookies","status":"publish","type":"page","link":"https:\/\/visus3d.dev01.servidordepruebas.eu\/?page_id=2208","title":{"rendered":"Politica de Cookies"},"content":{"rendered":"\t\t<div data-elementor-type=\"wp-page\" data-elementor-id=\"2208\" class=\"elementor elementor-2208\" data-elementor-post-type=\"page\">\n\t\t\t\t\t\t<section class=\"elementor-section elementor-top-section elementor-element elementor-element-ceb8acc elementor-section-boxed elementor-section-height-default elementor-section-height-default\" data-id=\"ceb8acc\" data-element_type=\"section\">\n\t\t\t\t\t\t<div class=\"elementor-container elementor-column-gap-default\">\n\t\t\t\t\t<div class=\"elementor-column elementor-col-100 elementor-top-column elementor-element elementor-element-8aee7f4\" data-id=\"8aee7f4\" data-element_type=\"column\">\n\t\t\t<div class=\"elementor-widget-wrap elementor-element-populated\">\n\t\t\t\t\t\t<div class=\"elementor-element elementor-element-9f1e354 elementor-widget elementor-widget-text-editor\" data-id=\"9f1e354\" data-element_type=\"widget\" data-widget_type=\"text-editor.default\">\n\t\t\t\t<div class=\"elementor-widget-container\">\n\t\t\t\t\t\t\t\t\t<h1><strong data-start=\"134\" data-end=\"157\">POL\u00cdTICA DE COOKIES<\/strong><\/h1><p data-start=\"134\" data-end=\"191\"><b><br data-start=\"157\" data-end=\"160\"><\/b>\u00daltima actualizaci\u00f3n: [Fecha]<\/p>\n<p data-start=\"193\" data-end=\"454\">Bienvenido a Feme Design. En nuestra web utilizamos cookies para mejorar tu experiencia de navegaci\u00f3n, analizar el tr\u00e1fico y ofrecerte contenido personalizado. A continuaci\u00f3n, te explicamos qu\u00e9 son las cookies, qu\u00e9 tipos utilizamos y c\u00f3mo puedes gestionarlas.<\/p>\n<h3 data-start=\"456\" data-end=\"486\">1. \u00bfQu\u00e9 son las cookies?<\/h3>\n<p data-start=\"487\" data-end=\"684\">Las cookies son peque\u00f1os archivos de texto que se almacenan en tu dispositivo cuando visitas una p\u00e1gina web. Sirven para recordar informaci\u00f3n sobre tu visita y mejorar la experiencia del usuario.<\/p>\n<h3 data-start=\"686\" data-end=\"728\">2. \u00bfQu\u00e9 tipos de cookies utilizamos?<\/h3>\n<p data-start=\"729\" data-end=\"789\">En Feme Design utilizamos los siguientes tipos de cookies:<\/p>\n<ul data-start=\"791\" data-end=\"1333\">\n<li data-start=\"791\" data-end=\"922\"><strong data-start=\"793\" data-end=\"815\">Cookies esenciales<\/strong>: Necesarias para el funcionamiento de la web. Sin ellas, algunos servicios podr\u00edan no estar disponibles.<\/li>\n<li data-start=\"923\" data-end=\"1066\"><strong data-start=\"925\" data-end=\"948\">Cookies de an\u00e1lisis<\/strong>: Nos ayudan a comprender c\u00f3mo interact\u00faan los usuarios con nuestra web mediante herramientas como Google Analytics.<\/li>\n<li data-start=\"1067\" data-end=\"1189\"><strong data-start=\"1069\" data-end=\"1099\">Cookies de personalizaci\u00f3n<\/strong>: Permiten recordar tus preferencias (idioma, regi\u00f3n, etc.) para mejorar tu experiencia.<\/li>\n<li data-start=\"1190\" data-end=\"1333\"><strong data-start=\"1192\" data-end=\"1215\">Cookies de terceros<\/strong>: Algunas funcionalidades, como v\u00eddeos incrustados o botones de redes sociales, pueden utilizar cookies de terceros.<\/li>\n<\/ul>\n<h3 data-start=\"1335\" data-end=\"1379\">3. \u00bfC\u00f3mo puedes gestionar las cookies?<\/h3>\n<p data-start=\"1380\" data-end=\"1582\">Puedes aceptar, rechazar o configurar las cookies desde la ventana emergente de configuraci\u00f3n cuando accedes a nuestro sitio web. Tambi\u00e9n puedes deshabilitarlas desde la configuraci\u00f3n de tu navegador:<\/p>\n<ul data-start=\"1584\" data-end=\"1975\">\n<li data-start=\"1584\" data-end=\"1670\"><strong data-start=\"1586\" data-end=\"1603\">Google Chrome<\/strong>: &nbsp;<a target=\"_new\" rel=\"noopener\" data-start=\"1605\" data-end=\"1668\">Instrucciones<\/a><\/li>\n<li data-start=\"1671\" data-end=\"1763\"><strong data-start=\"1673\" data-end=\"1692\">Mozilla Firefox<\/strong>: <a href=\"https:\/\/support.mozilla.org\/es\/kb\/Borrar%20cookies\" target=\"_new\" rel=\"noopener\" data-start=\"1694\" data-end=\"1761\">Instrucciones<\/a><\/li>\n<li data-start=\"1764\" data-end=\"1855\"><strong data-start=\"1766\" data-end=\"1776\">Safari<\/strong>: <a href=\"https:\/\/support.apple.com\/es-es\/guide\/safari\/sfri11471\/mac\" target=\"_new\" rel=\"noopener\" data-start=\"1778\" data-end=\"1853\">Instrucciones<\/a><\/li>\n<li data-start=\"1856\" data-end=\"1975\"><strong data-start=\"1858\" data-end=\"1876\">Microsoft Edge<\/strong>: <a href=\"https:\/\/support.microsoft.com\/es-es\/help\/4027947\/microsoft-edge-delete-cookies\" target=\"_new\" rel=\"noopener\" data-start=\"1878\" data-end=\"1973\">Instrucciones<\/a><\/li>\n<\/ul>\n<h3 data-start=\"1977\" data-end=\"2019\">4. Cambios en la pol\u00edtica de cookies<\/h3>\n<p data-start=\"2020\" data-end=\"2118\">Podemos actualizar esta pol\u00edtica en cualquier momento. Te recomendamos revisarla peri\u00f3dicamente.<\/p>\n<p data-start=\"2120\" data-end=\"2233\">Si tienes dudas sobre nuestra pol\u00edtica de cookies, puedes contactarnos en:<br data-start=\"2194\" data-end=\"2197\">\ud83d\udce9 Email: [<a rel=\"noopener\">tuemail@femedesign.com<\/a>]<\/p>\t\t\t\t\t\t\t\t<\/div>\n\t\t\t\t<\/div>\n\t\t\t\t\t<\/div>\n\t\t<\/div>\n\t\t\t\t\t<\/div>\n\t\t<\/section>\n\t\t\t\t<\/div>\n\t\t","protected":false},"excerpt":{"rendered":"<p>POL\u00cdTICA DE COOKIES \u00daltima actualizaci\u00f3n: [Fecha] Bienvenido a Feme Design. En nuestra web utilizamos cookies para mejorar tu experiencia de navegaci\u00f3n, analizar el tr\u00e1fico y ofrecerte contenido personalizado. A continuaci\u00f3n, te explicamos qu\u00e9 son las cookies, qu\u00e9 tipos utilizamos y c\u00f3mo puedes gestionarlas. 1. \u00bfQu\u00e9 son las cookies? Las cookies son peque\u00f1os archivos de texto [&hellip;]<\/p>\n","protected":false},"author":1,"featured_media":0,"parent":0,"menu_order":0,"comment_status":"closed","ping_status":"closed","template":"","meta":{"footnotes":""},"class_list":["post-2208","page","type-page","status-publish","hentry"],"_links":{"self":[{"href":"https:\/\/visus3d.dev01.servidordepruebas.eu\/index.php?rest_route=\/wp\/v2\/pages\/2208","targetHints":{"allow":["GET"]}}],"collection":[{"href":"https:\/\/visus3d.dev01.servidordepruebas.eu\/index.php?rest_route=\/wp\/v2\/pages"}],"about":[{"href":"https:\/\/visus3d.dev01.servidordepruebas.eu\/index.php?rest_route=\/wp\/v2\/types\/page"}],"author":[{"embeddable":true,"href":"https:\/\/visus3d.dev01.servidordepruebas.eu\/index.php?rest_route=\/wp\/v2\/users\/1"}],"replies":[{"embeddable":true,"href":"https:\/\/visus3d.dev01.servidordepruebas.eu\/index.php?rest_route=%2Fwp%2Fv2%2Fcomments&post=2208"}],"version-history":[{"count":7,"href":"https:\/\/visus3d.dev01.servidordepruebas.eu\/index.php?rest_route=\/wp\/v2\/pages\/2208\/revisions"}],"predecessor-version":[{"id":2215,"href":"https:\/\/visus3d.dev01.servidordepruebas.eu\/index.php?rest_route=\/wp\/v2\/pages\/2208\/revisions\/2215"}],"wp:attachment":[{"href":"https:\/\/visus3d.dev01.servidordepruebas.eu\/index.php?rest_route=%2Fwp%2Fv2%2Fmedia&parent=2208"}],"curies":[{"name":"wp","href":"https:\/\/api.w.org\/{rel}","templated":true}]}}